{"id":95,"date":"2015-06-13T20:13:47","date_gmt":"2015-06-13T18:13:47","guid":{"rendered":"http:\/\/localhost\/straszak\/?page_id=95"},"modified":"2015-06-16T18:02:52","modified_gmt":"2015-06-16T18:02:52","slug":"szkolenia","status":"publish","type":"page","link":"https:\/\/straszak.eu\/?page_id=95","title":{"rendered":"Szkolenia"},"content":{"rendered":"<p style=\"text-align: justify;\"><span style=\"color: #999999;\">budowanie relacji,\u00a0budowanie zespo\u0142u,\u00a0komunikacja,\u00a0negocjacje,\u00a0praca w grupie,\u00a0praktyczne \u0107wiczenia, radzenie sobie ze stresem, rozw\u00f3j osobisty, s\u0142uchanie, szkolenia,\u00a0warsztaty,\u00a0wiedza,\u00a0wsp\u00f3\u0142praca w zespole,\u00a0zadania symulacyjne,\u00a0zarz\u0105dzanie<\/span><\/p>\n<hr \/>\n<p style=\"text-align: justify;\">Od 2007 roku pracuj\u0119 jako autor i prowadz\u0105cy szkolenia biznesowe. Wsp\u00f3\u0142pracuj\u0105cy zar\u00f3wno z firmami szkoleniowymi, jak i samodzielny wykonawca\u00a0us\u0142ug szkoleniowych.<\/p>\n<p style=\"text-align: justify;\">Jako trener specjalizuj\u0119 si\u0119 w tych obszarach,\u00a0kt\u00f3re na\u00a0co dzie\u0144 wykorzystuj\u0119 we w\u0142asnej pracy.\u00a0Szczeg\u00f3lnie polecam Pa\u0144stwu szkolenia z zakresu:<\/p>\n<ul style=\"text-align: justify;\">\n<li>Rekrutacji, oceny kompetencji i potencja\u0142u<\/li>\n<li>Zarz\u0105dzania personelem<br \/>\n(Mi\u0119kkie umiej\u0119tno\u015bci prawdziwego przyw\u00f3dcy)<\/li>\n<li>Sprzeda\u017cy i obs\u0142ugi klienta<\/li>\n<li>Rozwoju osobistego<br \/>\n(Czyli umiej\u0119tno\u015bci przydatne ka\u017cdemu)<\/li>\n<li>Szkolenia z obszaru doradztwa zawodowego<br \/>\n(Umiej\u0119tno\u015bci kszta\u0142towania w\u0142asnej kariery i efektywnego poszukiwania pracy)<\/li>\n<\/ul>\n<p style=\"text-align: justify;\"><em>(Przyk\u0142ady gotowych szkole\u0144 z poszczeg\u00f3lnych obszar\u00f3w, dost\u0119pne\u00a0na \u017cyczenie)<\/em><\/p>\n<p style=\"text-align: justify;\"><strong>Jak zam\u00f3wi\u0107 szkolenie?<\/strong><\/p>\n<p style=\"text-align: justify;\">Porozmawiajmy &#8211;\u00a0ch\u0119tnie pomog\u0119 okre\u015bli\u0107 potrzeby szkoleniowe, zaproponuj\u0119 konspekty szkole\u0144, ustalimy preferowan\u0105 form\u0119 i szczeg\u00f3\u0142y organizacyjne. Szkolenia realizuj\u0119 zar\u00f3wno dla firm szkoleniowych jak i klient\u00f3w ko\u0144cowych. Zapraszam do <strong><a href=\"https:\/\/straszak.eu\/?page_id=152\">kontaktu<\/a><\/strong>.<\/p>\n<p style=\"text-align: justify;\"><strong>Szkolenia z innych obszar\u00f3w<\/strong><\/p>\n<p style=\"text-align: justify;\">Wsp\u00f3\u0142pracuj\u0119 r\u00f3wnie\u017c z trenerami-ekspertami z innych dziedzin. Je\u015bli maj\u0105 Pa\u0144stwo potrzeby szkoleniowe w innych obszarach ni\u017c wymienione powy\u017cej, z przyjemno\u015bci\u0105 zaproponuj\u0119 Pa\u0144stwu odpowiedni\u0105 tematyk\u0119 i ekspert\u00f3w gotowych poprowadzi\u0107 dla Pa\u0144stwa szkolenia.<\/p>\n","protected":false},"excerpt":{"rendered":"<p>budowanie relacji,\u00a0budowanie zespo\u0142u,\u00a0komunikacja,\u00a0negocjacje,\u00a0praca w grupie,\u00a0praktyczne \u0107wiczenia, radzenie sobie ze stresem, rozw\u00f3j osobisty, s\u0142uchanie, szkolenia,\u00a0warsztaty,\u00a0wiedza,\u00a0wsp\u00f3\u0142praca w zespole,\u00a0zadania symulacyjne,\u00a0zarz\u0105dzanie Od 2007 roku pracuj\u0119 jako autor i prowadz\u0105cy szkolenia biznesowe. Wsp\u00f3\u0142pracuj\u0105cy zar\u00f3wno z firmami szkoleniowymi, jak i samodzielny wykonawca\u00a0us\u0142ug szkoleniowych. Jako trener specjalizuj\u0119 si\u0119 w tych obszarach,\u00a0kt\u00f3re na\u00a0co dzie\u0144 wykorzystuj\u0119 we w\u0142asnej pracy.\u00a0Szczeg\u00f3lnie polecam Pa\u0144stwu szkolenia z zakresu: &#8230; <a title=\"Szkolenia\" class=\"read-more\" href=\"https:\/\/straszak.eu\/?page_id=95\" aria-label=\"Read more about Szkolenia\">Dowiedz si\u0119 wi\u0119cej<\/a><\/p>\n","protected":false},"author":1,"featured_media":0,"parent":0,"menu_order":0,"comment_status":"closed","ping_status":"closed","template":"","meta":{"footnotes":""},"class_list":["post-95","page","type-page","status-publish"],"_links":{"self":[{"href":"https:\/\/straszak.eu\/index.php?rest_route=\/wp\/v2\/pages\/95","targetHints":{"allow":["GET"]}}],"collection":[{"href":"https:\/\/straszak.eu\/index.php?rest_route=\/wp\/v2\/pages"}],"about":[{"href":"https:\/\/straszak.eu\/index.php?rest_route=\/wp\/v2\/types\/page"}],"author":[{"embeddable":true,"href":"https:\/\/straszak.eu\/index.php?rest_route=\/wp\/v2\/users\/1"}],"replies":[{"embeddable":true,"href":"https:\/\/straszak.eu\/index.php?rest_route=%2Fwp%2Fv2%2Fcomments&post=95"}],"version-history":[{"count":7,"href":"https:\/\/straszak.eu\/index.php?rest_route=\/wp\/v2\/pages\/95\/revisions"}],"predecessor-version":[{"id":286,"href":"https:\/\/straszak.eu\/index.php?rest_route=\/wp\/v2\/pages\/95\/revisions\/286"}],"wp:attachment":[{"href":"https:\/\/straszak.eu\/index.php?rest_route=%2Fwp%2Fv2%2Fmedia&parent=95"}],"curies":[{"name":"wp","href":"https:\/\/api.w.org\/{rel}","templated":true}]}}