{"id":454,"date":"2025-02-28T13:41:32","date_gmt":"2025-02-28T13:41:32","guid":{"rendered":"https:\/\/straszak.eu\/?page_id=454"},"modified":"2025-05-21T09:18:57","modified_gmt":"2025-05-21T09:18:57","slug":"dla-firm","status":"publish","type":"page","link":"https:\/\/straszak.eu\/?page_id=454","title":{"rendered":"Dla firm"},"content":{"rendered":"\n<p>Zapewniamy najwy\u017cszej jako\u015bci us\u0142ugi z zakresu zarz\u0105dzania zasobami ludzkimi (HR). W naszej ofertcie klienci znajd\u0105 us\u0142ugi wyj\u0105tkowe us\u0142ugi dostosowane do indywidualnych potrzeb.<\/p>\n\n\n\n<p>Gwarantujemy efekt, skuteczno\u015b\u0107 i bezpiecze\u0144stwo. Poni\u017cej przedstawiamy trzy g\u0142\u00f3wne kateorie us\u0142ug.  <\/p>\n\n\n\n<hr class=\"wp-block-separator has-alpha-channel-opacity is-style-default\"\/>\n\n\n\n<div class=\"wp-block-columns is-layout-flex wp-container-core-columns-is-layout-1 wp-block-columns-is-layout-flex\">\n<div class=\"wp-block-column is-layout-flow wp-block-column-is-layout-flow\">\n<figure class=\"wp-block-image size-full is-resized\"><a href=\"https:\/\/straszak.eu\/?page_id=23\"><img loading=\"lazy\" decoding=\"async\" width=\"554\" height=\"281\" src=\"https:\/\/straszak.eu\/straszak\/wp-content\/uploads\/2015\/06\/rekrutacjaS.jpg\" alt=\"\" class=\"wp-image-187\" style=\"width:350px\" srcset=\"https:\/\/straszak.eu\/straszak\/wp-content\/uploads\/2015\/06\/rekrutacjaS.jpg 554w, https:\/\/straszak.eu\/straszak\/wp-content\/uploads\/2015\/06\/rekrutacjaS-300x152.jpg 300w\" sizes=\"auto, (max-width: 554px) 100vw, 554px\" \/><\/a><\/figure>\n<\/div>\n\n\n\n<div class=\"wp-block-column is-layout-flow wp-block-column-is-layout-flow\">\n<figure class=\"wp-block-image size-full is-resized\"><a href=\"https:\/\/straszak.eu\/?page_id=89\" target=\"_blank\" rel=\" noreferrer noopener\"><img loading=\"lazy\" decoding=\"async\" width=\"554\" height=\"281\" src=\"https:\/\/straszak.eu\/straszak\/wp-content\/uploads\/2015\/06\/doradztwoS.jpg\" alt=\"\" class=\"wp-image-174\" style=\"width:350px\" srcset=\"https:\/\/straszak.eu\/straszak\/wp-content\/uploads\/2015\/06\/doradztwoS.jpg 554w, https:\/\/straszak.eu\/straszak\/wp-content\/uploads\/2015\/06\/doradztwoS-300x152.jpg 300w\" sizes=\"auto, (max-width: 554px) 100vw, 554px\" \/><\/a><\/figure>\n<\/div>\n<\/div>\n\n\n\n<div class=\"wp-block-columns is-layout-flex wp-container-core-columns-is-layout-2 wp-block-columns-is-layout-flex\">\n<div class=\"wp-block-column is-layout-flow wp-block-column-is-layout-flow\">\n<figure class=\"wp-block-image size-large is-resized\"><a href=\"https:\/\/straszak.eu\/?page_id=95\"><img loading=\"lazy\" decoding=\"async\" width=\"1024\" height=\"519\" src=\"https:\/\/straszak.eu\/straszak\/wp-content\/uploads\/2015\/06\/szkolenia-1024x519.jpg\" alt=\"\" class=\"wp-image-188\" style=\"width:350px\" srcset=\"https:\/\/straszak.eu\/straszak\/wp-content\/uploads\/2015\/06\/szkolenia-1024x519.jpg 1024w, https:\/\/straszak.eu\/straszak\/wp-content\/uploads\/2015\/06\/szkolenia-300x152.jpg 300w, https:\/\/straszak.eu\/straszak\/wp-content\/uploads\/2015\/06\/szkolenia.jpg 1386w\" sizes=\"auto, (max-width: 1024px) 100vw, 1024px\" \/><\/a><\/figure>\n<\/div>\n\n\n\n<div class=\"wp-block-column is-layout-flow wp-block-column-is-layout-flow\"><\/div>\n<\/div>\n\n\n\n<hr class=\"wp-block-separator has-alpha-channel-opacity\"\/>\n\n\n\n<div class=\"wp-block-columns is-layout-flex wp-container-core-columns-is-layout-3 wp-block-columns-is-layout-flex\">\n<div class=\"wp-block-column is-vertically-aligned-center is-layout-flow wp-block-column-is-layout-flow\">\n<figure class=\"wp-block-image size-full is-resized\"><a href=\"https:\/\/straszak.eu\/?page_id=39\" target=\"_blank\" rel=\" noreferrer noopener\"><img loading=\"lazy\" decoding=\"async\" width=\"845\" height=\"368\" src=\"https:\/\/straszak.eu\/straszak\/wp-content\/uploads\/2015\/06\/omnie.png\" alt=\"\" class=\"wp-image-184\" style=\"object-fit:cover;width:250px;height:100px\" srcset=\"https:\/\/straszak.eu\/straszak\/wp-content\/uploads\/2015\/06\/omnie.png 845w, https:\/\/straszak.eu\/straszak\/wp-content\/uploads\/2015\/06\/omnie-300x131.png 300w\" sizes=\"auto, (max-width: 845px) 100vw, 845px\" \/><\/a><\/figure>\n<\/div>\n\n\n\n<div class=\"wp-block-column is-layout-flow wp-block-column-is-layout-flow\">\n<figure class=\"wp-block-image size-full is-resized\"><a href=\"https:\/\/straszak.eu\/?page_id=152\" target=\"_blank\" rel=\" noreferrer noopener\"><img loading=\"lazy\" decoding=\"async\" width=\"845\" height=\"368\" src=\"https:\/\/straszak.eu\/straszak\/wp-content\/uploads\/2015\/06\/kontakt.png\" alt=\"\" class=\"wp-image-181\" style=\"object-fit:cover;width:250px;height:100px\" srcset=\"https:\/\/straszak.eu\/straszak\/wp-content\/uploads\/2015\/06\/kontakt.png 845w, https:\/\/straszak.eu\/straszak\/wp-content\/uploads\/2015\/06\/kontakt-300x131.png 300w\" sizes=\"auto, (max-width: 845px) 100vw, 845px\" \/><\/a><\/figure>\n<\/div>\n\n\n\n<div class=\"wp-block-column is-layout-flow wp-block-column-is-layout-flow\">\n<figure class=\"wp-block-image size-full is-resized\"><a href=\"https:\/\/straszak.eu\/?page_id=54\" target=\"_blank\" rel=\" noreferrer noopener\"><img loading=\"lazy\" decoding=\"async\" width=\"912\" height=\"504\" src=\"https:\/\/straszak.eu\/straszak\/wp-content\/uploads\/2015\/06\/referencje.png\" alt=\"\" class=\"wp-image-186\" style=\"object-fit:cover;width:250px;height:100px\" srcset=\"https:\/\/straszak.eu\/straszak\/wp-content\/uploads\/2015\/06\/referencje.png 912w, https:\/\/straszak.eu\/straszak\/wp-content\/uploads\/2015\/06\/referencje-300x166.png 300w\" sizes=\"auto, (max-width: 912px) 100vw, 912px\" \/><\/a><\/figure>\n<\/div>\n<\/div>\n\n\n\n<p><\/p>\n","protected":false},"excerpt":{"rendered":"<p>Zapewniamy najwy\u017cszej jako\u015bci us\u0142ugi z zakresu zarz\u0105dzania zasobami ludzkimi (HR). W naszej ofertcie klienci znajd\u0105 us\u0142ugi wyj\u0105tkowe us\u0142ugi dostosowane do indywidualnych potrzeb. Gwarantujemy efekt, skuteczno\u015b\u0107 i bezpiecze\u0144stwo. Poni\u017cej przedstawiamy trzy g\u0142\u00f3wne kateorie us\u0142ug.<\/p>\n","protected":false},"author":1,"featured_media":0,"parent":0,"menu_order":0,"comment_status":"closed","ping_status":"closed","template":"","meta":{"footnotes":""},"class_list":["post-454","page","type-page","status-publish"],"_links":{"self":[{"href":"https:\/\/straszak.eu\/index.php?rest_route=\/wp\/v2\/pages\/454","targetHints":{"allow":["GET"]}}],"collection":[{"href":"https:\/\/straszak.eu\/index.php?rest_route=\/wp\/v2\/pages"}],"about":[{"href":"https:\/\/straszak.eu\/index.php?rest_route=\/wp\/v2\/types\/page"}],"author":[{"embeddable":true,"href":"https:\/\/straszak.eu\/index.php?rest_route=\/wp\/v2\/users\/1"}],"replies":[{"embeddable":true,"href":"https:\/\/straszak.eu\/index.php?rest_route=%2Fwp%2Fv2%2Fcomments&post=454"}],"version-history":[{"count":11,"href":"https:\/\/straszak.eu\/index.php?rest_route=\/wp\/v2\/pages\/454\/revisions"}],"predecessor-version":[{"id":485,"href":"https:\/\/straszak.eu\/index.php?rest_route=\/wp\/v2\/pages\/454\/revisions\/485"}],"wp:attachment":[{"href":"https:\/\/straszak.eu\/index.php?rest_route=%2Fwp%2Fv2%2Fmedia&parent=454"}],"curies":[{"name":"wp","href":"https:\/\/api.w.org\/{rel}","templated":true}]}}