{"id":402,"date":"2025-02-26T22:13:41","date_gmt":"2025-02-26T22:13:41","guid":{"rendered":"https:\/\/straszak.eu\/?page_id=402"},"modified":"2025-02-26T22:40:35","modified_gmt":"2025-02-26T22:40:35","slug":"doradztwo-personalne","status":"publish","type":"page","link":"https:\/\/straszak.eu\/?page_id=402","title":{"rendered":"Doradztwo personalne"},"content":{"rendered":"\n<p>Jeste\u015b zainteresowany rozmow\u0105 o Twoich kompetencjach, \u015bcie\u017cce zawodowej i mo\u017cliwo\u015bciach jej rozwoju?<br>Potrzebujesz pomocy w stworzeniu profesjonalnego CV, chcesz okre\u015bli\u0107 swoje silne strony i obszary do rozwoju. Chcia\u0142by\u015b dowiedzie\u0107 si\u0119 jak postrzegaj\u0105 Ci\u0119 pracodawcy i jakie mo\u017cliwo\u015bci rozwoju s\u0105 przed Tob\u0105? Wi\u0119c porozmawiajmy.<\/p>\n\n\n\n<h2 class=\"wp-block-heading has-medium-font-size\">Co robimy i w jakiej kolejno\u015bci? <\/h2>\n\n\n\n<ul class=\"wp-block-list\">\n<li>Zostaw kontakt do Siebie i napisz wst\u0119pnie jakiego wsparcia potrzebujesz<\/li>\n\n\n\n<li>Telefonicznie ustalimy czy i jak mo\u017cemy Ci pom\u00f3c <em>(Za t\u0105 rozmow\u0119 nic nie p\u0142acisz)<\/em><\/li>\n\n\n\n<li>Um\u00f3wimy si\u0119 na konsultacje i ruszymy Twoj\u0105 karier\u0119 do przodu!<\/li>\n\n\n\n<li>Ty decydujesz nad czym pracujemy<br><\/li>\n<\/ul>\n\n\n\n<hr class=\"wp-block-separator has-alpha-channel-opacity\"\/>\n\n\n\n<div class=\"wp-block-columns is-layout-flex wp-container-core-columns-is-layout-1 wp-block-columns-is-layout-flex\">\n<div class=\"wp-block-column is-layout-flow wp-block-column-is-layout-flow\">\n<p><\/p>\n\n\n\n<h2 class=\"wp-block-heading has-text-align-center\">Formularz kontaktowy<\/h2>\n<\/div>\n\n\n\n<div class=\"wp-block-column is-layout-flow wp-block-column-is-layout-flow\"><div class=\"wp-block-image\">\n<figure class=\"aligncenter size-full is-resized\"><a href=\"https:\/\/straszak.eu\/straszak\/wp-content\/uploads\/2025\/02\/obrazWWWlong.jpg\"><img loading=\"lazy\" decoding=\"async\" width=\"1012\" height=\"522\" src=\"https:\/\/straszak.eu\/straszak\/wp-content\/uploads\/2025\/02\/obrazWWWlong.jpg\" alt=\"\" class=\"wp-image-341\" style=\"width:265px;height:auto\" srcset=\"https:\/\/straszak.eu\/straszak\/wp-content\/uploads\/2025\/02\/obrazWWWlong.jpg 1012w, https:\/\/straszak.eu\/straszak\/wp-content\/uploads\/2025\/02\/obrazWWWlong-300x155.jpg 300w, https:\/\/straszak.eu\/straszak\/wp-content\/uploads\/2025\/02\/obrazWWWlong-768x396.jpg 768w\" sizes=\"auto, (max-width: 1012px) 100vw, 1012px\" \/><\/a><\/figure><\/div><\/div>\n<\/div>\n\n\n\n<div class=\"wpcf7 no-js\" id=\"wpcf7-f404-o1\" lang=\"pl-PL\" dir=\"ltr\" data-wpcf7-id=\"404\">\n<div class=\"screen-reader-response\"><p role=\"status\" aria-live=\"polite\" aria-atomic=\"true\"><\/p> <ul><\/ul><\/div>\n<form action=\"\/index.php?rest_route=%2Fwp%2Fv2%2Fpages%2F402#wpcf7-f404-o1\" method=\"post\" class=\"wpcf7-form init wpcf7-acceptance-as-validation\" aria-label=\"Formularz kontaktowy\" enctype=\"multipart\/form-data\" novalidate=\"novalidate\" data-status=\"init\">\n<div style=\"display: none;\">\n<input type=\"hidden\" name=\"_wpcf7\" value=\"404\" \/>\n<input type=\"hidden\" name=\"_wpcf7_version\" value=\"6.0.4\" \/>\n<input type=\"hidden\" name=\"_wpcf7_locale\" value=\"pl_PL\" \/>\n<input type=\"hidden\" name=\"_wpcf7_unit_tag\" value=\"wpcf7-f404-o1\" \/>\n<input type=\"hidden\" name=\"_wpcf7_container_post\" value=\"0\" \/>\n<input type=\"hidden\" name=\"_wpcf7_posted_data_hash\" value=\"\" \/>\n<input type=\"hidden\" name=\"_wpcf7_recaptcha_response\" value=\"\" \/>\n<\/div>\n<p><label> Twoje imi\u0119 i nazwisko<br \/>\n<span class=\"wpcf7-form-control-wrap\" data-name=\"your-name\"><input size=\"40\" maxlength=\"400\" class=\"wpcf7-form-control wpcf7-text wpcf7-validates-as-required\" autocomplete=\"name\" aria-required=\"true\" aria-invalid=\"false\" value=\"\" type=\"text\" name=\"your-name\" \/><\/span> <\/label>\n<\/p>\n<p><label> Tw\u00f3j adres e-mail<br \/>\n<span class=\"wpcf7-form-control-wrap\" data-name=\"your-email\"><input size=\"40\" maxlength=\"400\" class=\"wpcf7-form-control wpcf7-email wpcf7-validates-as-required wpcf7-text wpcf7-validates-as-email\" autocomplete=\"email\" aria-required=\"true\" aria-invalid=\"false\" value=\"\" type=\"email\" name=\"your-email\" \/><\/span> <\/label>\n<\/p>\n<p><label> Tw\u00f3j numer telefonu<br \/>\n<span class=\"wpcf7-form-control-wrap\" data-name=\"tel-656\"><input size=\"40\" maxlength=\"400\" class=\"wpcf7-form-control wpcf7-tel wpcf7-text wpcf7-validates-as-tel\" aria-invalid=\"false\" value=\"+48\" type=\"tel\" name=\"tel-656\" \/><\/span> <\/label>\n<\/p>\n<p><label> Napisz swoimi s\u0142owami, jakiego wsparcia potrzebujesz? Co chcesz osi\u0105gn\u0105\u0107?<br \/>\n<span class=\"wpcf7-form-control-wrap\" data-name=\"textarea-744\"><textarea cols=\"40\" rows=\"10\" maxlength=\"2000\" class=\"wpcf7-form-control wpcf7-textarea\" aria-invalid=\"false\" name=\"textarea-744\"><\/textarea><\/span><br \/>\n<\/label>\n<\/p>\n<p><B><label> Je\u017celi chcesz - za\u0142\u0105cz swoje CV (nieobowi\u0105zkowe)<\/label><\/b><br \/>\n<i><label> (Maksymalny rozmiar pliku to 10mb, preferowany format to PDF) (Aby wybra\u0107 inny plik ponownie naci\u015bnij \"wybierz plik\")<\/label><\/i>\n<\/p>\n<p><span class=\"wpcf7-form-control-wrap\" data-name=\"file-177\"><input size=\"40\" class=\"wpcf7-form-control wpcf7-file\" accept=\"image\/*,.txt,application\/pdf,.docx,.doc,.odt\" aria-invalid=\"false\" type=\"file\" name=\"file-177\" \/><\/span>\n<\/p>\n<p><span class=\"wpcf7-form-control-wrap\" data-name=\"acceptance-547\"><span class=\"wpcf7-form-control wpcf7-acceptance\"><span class=\"wpcf7-list-item\"><label><input type=\"checkbox\" name=\"acceptance-547\" value=\"1\" aria-invalid=\"false\" \/><span class=\"wpcf7-list-item-label\">Znam i akceptuj\u0119 informacje o zasadach przetwarzania danych osobowych, jednocze\u015bnie wyra\u017cam zgod\u0119 na przetwarzanie moich danych w celu realizacji proces\u00f3w oceny kompetencji, doradztwa personalnego i rekrutacji.<\/span><\/label><\/span><\/span><\/span>\n<\/p>\n<p><input class=\"wpcf7-form-control wpcf7-submit has-spinner\" type=\"submit\" value=\"Wy\u015blij\" \/>\n<\/p><div class=\"wpcf7-response-output\" aria-hidden=\"true\"><\/div>\n<\/form>\n<\/div>\n\n\n\n\n<p>Przed przes\u0142aniem formularza przeczytaj <strong><a href=\"https:\/\/straszak.eu\/?page_id=347\" data-type=\"page\" data-id=\"347\" target=\"_blank\" rel=\"noreferrer noopener\">zasady przetwarzania danych osobowych<\/a><\/strong> serwisu<\/p>\n\n\n\n<p><\/p>\n","protected":false},"excerpt":{"rendered":"<p>Jeste\u015b zainteresowany rozmow\u0105 o Twoich kompetencjach, \u015bcie\u017cce zawodowej i mo\u017cliwo\u015bciach jej rozwoju?Potrzebujesz pomocy w stworzeniu profesjonalnego CV, chcesz okre\u015bli\u0107 swoje silne strony i obszary do rozwoju. Chcia\u0142by\u015b dowiedzie\u0107 si\u0119 jak postrzegaj\u0105 Ci\u0119 pracodawcy i jakie mo\u017cliwo\u015bci rozwoju s\u0105 przed Tob\u0105? Wi\u0119c porozmawiajmy. Co robimy i w jakiej kolejno\u015bci? Formularz kontaktowy Przed przes\u0142aniem formularza przeczytaj zasady &#8230; <a title=\"Doradztwo personalne\" class=\"read-more\" href=\"https:\/\/straszak.eu\/?page_id=402\" aria-label=\"Read more about Doradztwo personalne\">Dowiedz si\u0119 wi\u0119cej<\/a><\/p>\n","protected":false},"author":1,"featured_media":0,"parent":298,"menu_order":0,"comment_status":"closed","ping_status":"closed","template":"","meta":{"footnotes":""},"class_list":["post-402","page","type-page","status-publish"],"_links":{"self":[{"href":"https:\/\/straszak.eu\/index.php?rest_route=\/wp\/v2\/pages\/402","targetHints":{"allow":["GET"]}}],"collection":[{"href":"https:\/\/straszak.eu\/index.php?rest_route=\/wp\/v2\/pages"}],"about":[{"href":"https:\/\/straszak.eu\/index.php?rest_route=\/wp\/v2\/types\/page"}],"author":[{"embeddable":true,"href":"https:\/\/straszak.eu\/index.php?rest_route=\/wp\/v2\/users\/1"}],"replies":[{"embeddable":true,"href":"https:\/\/straszak.eu\/index.php?rest_route=%2Fwp%2Fv2%2Fcomments&post=402"}],"version-history":[{"count":6,"href":"https:\/\/straszak.eu\/index.php?rest_route=\/wp\/v2\/pages\/402\/revisions"}],"predecessor-version":[{"id":412,"href":"https:\/\/straszak.eu\/index.php?rest_route=\/wp\/v2\/pages\/402\/revisions\/412"}],"up":[{"embeddable":true,"href":"https:\/\/straszak.eu\/index.php?rest_route=\/wp\/v2\/pages\/298"}],"wp:attachment":[{"href":"https:\/\/straszak.eu\/index.php?rest_route=%2Fwp%2Fv2%2Fmedia&parent=402"}],"curies":[{"name":"wp","href":"https:\/\/api.w.org\/{rel}","templated":true}]}}