{"id":39,"date":"2015-06-12T11:52:30","date_gmt":"2015-06-12T09:52:30","guid":{"rendered":"http:\/\/localhost\/straszak\/?page_id=39"},"modified":"2025-02-28T13:56:25","modified_gmt":"2025-02-28T13:56:25","slug":"o-mnie","status":"publish","type":"page","link":"https:\/\/straszak.eu\/?page_id=39","title":{"rendered":"O mnie"},"content":{"rendered":"\n<div class=\"wp-block-columns is-layout-flex wp-container-core-columns-is-layout-1 wp-block-columns-is-layout-flex\">\n<div class=\"wp-block-column is-layout-flow wp-block-column-is-layout-flow\">\n<figure class=\"wp-block-image size-full is-resized\"><a href=\"https:\/\/straszak.eu\/straszak\/wp-content\/uploads\/2024\/11\/Jacek-straszak-www.jpg\"><img loading=\"lazy\" decoding=\"async\" width=\"448\" height=\"653\" src=\"https:\/\/straszak.eu\/straszak\/wp-content\/uploads\/2024\/11\/Jacek-straszak-www.jpg\" alt=\"\" class=\"wp-image-328\" style=\"width:352px;height:auto\" srcset=\"https:\/\/straszak.eu\/straszak\/wp-content\/uploads\/2024\/11\/Jacek-straszak-www.jpg 448w, https:\/\/straszak.eu\/straszak\/wp-content\/uploads\/2024\/11\/Jacek-straszak-www-206x300.jpg 206w\" sizes=\"auto, (max-width: 448px) 100vw, 448px\" \/><\/a><\/figure>\n<\/div>\n\n\n\n<div class=\"wp-block-column is-layout-flow wp-block-column-is-layout-flow\">\n<p><strong>Jacek Straszak<\/strong><\/p>\n\n\n\n<p><strong>Manager HR<\/strong><br>Od 2010 roku pe\u0142ni\u0142em szereg funkcji w ramach dzia\u0142\u00f3w Human Resources, od specjalisty, przez HR Partner, Kierownik Dzia\u0142u HR, a\u017c do roli Dyrektora Personalnego.<\/p>\n\n\n\n<p><strong>Doradca personalny\u00a0<\/strong><br>Od 2005 roku zwi\u0105zany z bran\u017c\u0105 doradztwa personalnego. Specjalista w zakresie rekrutacji, oceny kompetencji, technik zarz\u0105dzania zespo\u0142em, system\u00f3w motywacyjnych, rozwoju i szkole\u0144, tworzenia i optymalizacji proces\u00f3w HR.<\/p>\n\n\n\n<p><strong>Trener<\/strong> <br>Od 2007 roku autor i prowadz\u0105cy szkolenia biznesowe z obszar\u00f3w zarz\u0105dzania, rekrutacji, sprzeda\u017cy, rozwoju osobistego.<\/p>\n<\/div>\n<\/div>\n\n\n\n<p><\/p>\n\n\n\n<p><strong>Psycholog<\/strong> <br>Absolwent Psychologii Stosowanej na Uniwersytecie Jagiello\u0144skim w Krakowie,<br>ze specjalno\u015bci\u0105 Psychologia Pracy.<\/p>\n\n\n\n<p>Moje blisko\u00a0<strong>20\u00a0lat do\u015bwiadczenia<\/strong> to\u00a0&#8211; setki zatrudnionych os\u00f3b, od m\u0142odych absolwent\u00f3w szk\u00f3\u0142 wy\u017cszych i \u015brednich, przez specjalist\u00f3w i kadr\u0119 kierownicz\u0105, a\u017c po cz\u0142onk\u00f3w zarz\u0105du sp\u00f3\u0142ek. Ponad dwa tysi\u0105ce zrealizowanych godzin szkoleniowych. Dziesi\u0105tki projekt\u00f3w doradczych.<\/p>\n\n\n\n<p><b>Formalnie<\/b><\/p>\n\n\n\n<p>Od 01.2008 prowadz\u0119 w\u0142asn\u0105 dzia\u0142alno\u015b\u0107 gospodarcz\u0105 &#8211;\u00a0<b>agencja doradztwa personalnego.<\/b><\/p>\n\n\n\n<p>Posiadam niezb\u0119dne zezwolenia na prowadzenie dzia\u0142alno\u015bci w zakresie doradztwa personalnego i doradztwa zawodowego &#8211; <i>Certyfikat Agencji Doradztwa Personalnego\u00a0nr 21761\u00a0po aktualizacji w 2019r. <\/i><em>(Krajowy Rejestr Agencji Zatrudnienia<a href=\"http:\/\/www.kraz.praca.gov.pl\/\">)<\/a><\/em>.<\/p>\n\n\n\n<p>Na wszystkie oferowane us\u0142ugi Klienci otrzymuj\u0105 faktury VAT.<\/p>\n\n\n\n<p><b>Obszar dzia\u0142ania<\/b> &#8211; <b>Ca\u0142a Polska<br><\/b><br><img loading=\"lazy\" decoding=\"async\" class=\"alignnone wp-image-307\" src=\"https:\/\/straszak.eu\/straszak\/wp-content\/uploads\/2015\/06\/png-transparent-computer-icons-linkedin-symbol-miscellaneous-angle-text-thumbnail-300x300.png\" alt=\"png-transparent-computer-icons-linkedin-symbol-miscellaneous-angle-text-thumbnail\" width=\"30\" height=\"30\">&nbsp;<strong><a href=\"http:\/\/www.linkedin.com\/in\/jacek-straszak-88561b3\" target=\"_blank\" rel=\"noopener\">Profil LinkedIn&nbsp;<\/a><\/strong><\/p>\n\n\n\n<p>&nbsp;<\/p>\n\n\n\n<hr class=\"wp-block-separator has-alpha-channel-opacity\"\/>\n\n\n\n<p><b>Prywatnie<\/b> &#8211; M\u0105\u017c i tata. Chodz\u0119 po g\u00f3rach i lasach, ch\u0119tnie zwiedzam i poznaj\u0119&nbsp;nowe&nbsp;miejsca.<\/p>\n\n\n\n<p>&nbsp;<\/p>\n","protected":false},"excerpt":{"rendered":"<p>Jacek Straszak Manager HROd 2010 roku pe\u0142ni\u0142em szereg funkcji w ramach dzia\u0142\u00f3w Human Resources, od specjalisty, przez HR Partner, Kierownik Dzia\u0142u HR, a\u017c do roli Dyrektora Personalnego. Doradca personalny\u00a0Od 2005 roku zwi\u0105zany z bran\u017c\u0105 doradztwa personalnego. Specjalista w zakresie rekrutacji, oceny kompetencji, technik zarz\u0105dzania zespo\u0142em, system\u00f3w motywacyjnych, rozwoju i szkole\u0144, tworzenia i optymalizacji proces\u00f3w HR. &#8230; <a title=\"O mnie\" class=\"read-more\" href=\"https:\/\/straszak.eu\/?page_id=39\" aria-label=\"Read more about O mnie\">Dowiedz si\u0119 wi\u0119cej<\/a><\/p>\n","protected":false},"author":1,"featured_media":0,"parent":0,"menu_order":0,"comment_status":"closed","ping_status":"closed","template":"","meta":{"footnotes":""},"class_list":["post-39","page","type-page","status-publish"],"_links":{"self":[{"href":"https:\/\/straszak.eu\/index.php?rest_route=\/wp\/v2\/pages\/39","targetHints":{"allow":["GET"]}}],"collection":[{"href":"https:\/\/straszak.eu\/index.php?rest_route=\/wp\/v2\/pages"}],"about":[{"href":"https:\/\/straszak.eu\/index.php?rest_route=\/wp\/v2\/types\/page"}],"author":[{"embeddable":true,"href":"https:\/\/straszak.eu\/index.php?rest_route=\/wp\/v2\/users\/1"}],"replies":[{"embeddable":true,"href":"https:\/\/straszak.eu\/index.php?rest_route=%2Fwp%2Fv2%2Fcomments&post=39"}],"version-history":[{"count":16,"href":"https:\/\/straszak.eu\/index.php?rest_route=\/wp\/v2\/pages\/39\/revisions"}],"predecessor-version":[{"id":333,"href":"https:\/\/straszak.eu\/index.php?rest_route=\/wp\/v2\/pages\/39\/revisions\/333"}],"wp:attachment":[{"href":"https:\/\/straszak.eu\/index.php?rest_route=%2Fwp%2Fv2%2Fmedia&parent=39"}],"curies":[{"name":"wp","href":"https:\/\/api.w.org\/{rel}","templated":true}]}}