{"id":378,"date":"2025-02-26T13:42:09","date_gmt":"2025-02-26T13:42:09","guid":{"rendered":"https:\/\/straszak.eu\/?page_id=378"},"modified":"2025-02-26T21:53:47","modified_gmt":"2025-02-26T21:53:47","slug":"nowa-praca-formularz-aplikacyjny","status":"publish","type":"page","link":"https:\/\/straszak.eu\/?page_id=378","title":{"rendered":"Do\u0142\u0105cz do naszej bazy kandydat\u00f3w"},"content":{"rendered":"\n<p>Prze\u015blij nam swoje CV i do\u0142\u0105cz do grona os\u00f3b, kt\u00f3rym aktywnie pomagamy rozwija\u0107 swoj\u0105 \u015bcie\u017ck\u0119 zawodow\u0105!<\/p>\n\n\n\n<h2 class=\"wp-block-heading has-medium-font-size\">Zyskujesz profesjonalne wsparcie! <\/h2>\n\n\n\n<ul class=\"wp-block-list\">\n<li>Stworzymy Tw\u00f3j profesjonalny profil kompetencji<\/li>\n\n\n\n<li>Wytypujemy firmy, w kt\u00f3rych mo\u017ce czeka\u0107 na Ciebie lepsza praca, oraz b\u0119dziemy aktywnie promowa\u0107 Twoj\u0105 kandydatur\u0119!<\/li>\n\n\n\n<li>B\u0119dziemy pomaga\u0107 Ci w kontakcie z pracodawcami<\/li>\n\n\n\n<li>Gdy ju\u017c zdob\u0119dziesz now\u0105 prac\u0119 &#8211; pomo\u017cemy Ci w formalno\u015bciach i procesie wdro\u017cenia<br><\/li>\n<\/ul>\n\n\n\n<hr class=\"wp-block-separator has-alpha-channel-opacity\"\/>\n\n\n\n<div class=\"wp-block-columns is-layout-flex wp-container-core-columns-is-layout-1 wp-block-columns-is-layout-flex\">\n<div class=\"wp-block-column is-layout-flow wp-block-column-is-layout-flow\">\n<p><\/p>\n\n\n\n<h2 class=\"wp-block-heading has-text-align-center\">Formularz aplikacyjny<\/h2>\n<\/div>\n\n\n\n<div class=\"wp-block-column is-layout-flow wp-block-column-is-layout-flow\"><div class=\"wp-block-image\">\n<figure class=\"aligncenter size-large is-resized\"><a href=\"https:\/\/straszak.eu\/straszak\/wp-content\/uploads\/2025\/02\/pracownicy_www_long.jpg\"><img loading=\"lazy\" decoding=\"async\" width=\"1024\" height=\"503\" src=\"https:\/\/straszak.eu\/straszak\/wp-content\/uploads\/2025\/02\/pracownicy_www_long-1024x503.jpg\" alt=\"\" class=\"wp-image-356\" style=\"width:265px;height:auto\" srcset=\"https:\/\/straszak.eu\/straszak\/wp-content\/uploads\/2025\/02\/pracownicy_www_long-1024x503.jpg 1024w, https:\/\/straszak.eu\/straszak\/wp-content\/uploads\/2025\/02\/pracownicy_www_long-300x147.jpg 300w, https:\/\/straszak.eu\/straszak\/wp-content\/uploads\/2025\/02\/pracownicy_www_long-768x377.jpg 768w, https:\/\/straszak.eu\/straszak\/wp-content\/uploads\/2025\/02\/pracownicy_www_long-1536x755.jpg 1536w, https:\/\/straszak.eu\/straszak\/wp-content\/uploads\/2025\/02\/pracownicy_www_long.jpg 2048w\" sizes=\"auto, (max-width: 1024px) 100vw, 1024px\" \/><\/a><\/figure><\/div><\/div>\n<\/div>\n\n\n\n<div class=\"wpcf7 no-js\" id=\"wpcf7-f346-o1\" lang=\"pl-PL\" dir=\"ltr\" data-wpcf7-id=\"346\">\n<div class=\"screen-reader-response\"><p role=\"status\" aria-live=\"polite\" aria-atomic=\"true\"><\/p> <ul><\/ul><\/div>\n<form action=\"\/index.php?rest_route=%2Fwp%2Fv2%2Fpages%2F378#wpcf7-f346-o1\" method=\"post\" class=\"wpcf7-form init wpcf7-acceptance-as-validation\" aria-label=\"Formularz kontaktowy\" enctype=\"multipart\/form-data\" novalidate=\"novalidate\" data-status=\"init\">\n<div style=\"display: none;\">\n<input type=\"hidden\" name=\"_wpcf7\" value=\"346\" \/>\n<input type=\"hidden\" name=\"_wpcf7_version\" value=\"6.0.4\" \/>\n<input type=\"hidden\" name=\"_wpcf7_locale\" value=\"pl_PL\" \/>\n<input type=\"hidden\" name=\"_wpcf7_unit_tag\" value=\"wpcf7-f346-o1\" \/>\n<input type=\"hidden\" name=\"_wpcf7_container_post\" value=\"0\" \/>\n<input type=\"hidden\" name=\"_wpcf7_posted_data_hash\" value=\"\" \/>\n<input type=\"hidden\" name=\"_wpcf7_recaptcha_response\" value=\"\" \/>\n<\/div>\n<p><label> Twoje imi\u0119 i nazwisko<br \/>\n<span class=\"wpcf7-form-control-wrap\" data-name=\"your-name\"><input size=\"40\" maxlength=\"400\" class=\"wpcf7-form-control wpcf7-text wpcf7-validates-as-required\" autocomplete=\"name\" aria-required=\"true\" aria-invalid=\"false\" value=\"\" type=\"text\" name=\"your-name\" \/><\/span> <\/label>\n<\/p>\n<p><label> Tw\u00f3j adres e-mail<br \/>\n<span class=\"wpcf7-form-control-wrap\" data-name=\"your-email\"><input size=\"40\" maxlength=\"400\" class=\"wpcf7-form-control wpcf7-email wpcf7-validates-as-required wpcf7-text wpcf7-validates-as-email\" autocomplete=\"email\" aria-required=\"true\" aria-invalid=\"false\" value=\"\" type=\"email\" name=\"your-email\" \/><\/span> <\/label>\n<\/p>\n<p><label> Tw\u00f3j numer telefonu<br \/>\n<span class=\"wpcf7-form-control-wrap\" data-name=\"tel-656\"><input size=\"40\" maxlength=\"400\" class=\"wpcf7-form-control wpcf7-tel wpcf7-text wpcf7-validates-as-tel\" aria-invalid=\"false\" value=\"+48\" type=\"tel\" name=\"tel-656\" \/><\/span> <\/label>\n<\/p>\n<p><label> Miejscowo\u015b\u0107 zamieszkania<br \/>\n<span class=\"wpcf7-form-control-wrap\" data-name=\"your-place\"><input size=\"40\" maxlength=\"400\" class=\"wpcf7-form-control wpcf7-text wpcf7-validates-as-required\" aria-required=\"true\" aria-invalid=\"false\" value=\"\" type=\"text\" name=\"your-place\" \/><\/span> <\/label>\n<\/p>\n<p><B><label> Wybierz kategorie ofert pracy, kt\u00f3re najbardziej Ci\u0119 interesuj\u0105 (wybierz co najmniej jedn\u0105) <\/label><\/b><br \/>\n<span class=\"wpcf7-form-control-wrap\" data-name=\"checkbox-71\"><span class=\"wpcf7-form-control wpcf7-checkbox\"><span class=\"wpcf7-list-item first\"><label><input type=\"checkbox\" name=\"checkbox-71[]\" value=\"Praca fizyczna\" \/><span class=\"wpcf7-list-item-label\">Praca fizyczna<\/span><\/label><\/span><span class=\"wpcf7-list-item\"><label><input type=\"checkbox\" name=\"checkbox-71[]\" value=\"Praca na produkcji\" \/><span class=\"wpcf7-list-item-label\">Praca na produkcji<\/span><\/label><\/span><span class=\"wpcf7-list-item\"><label><input type=\"checkbox\" name=\"checkbox-71[]\" value=\"Stanowiska techniczne\" \/><span class=\"wpcf7-list-item-label\">Stanowiska techniczne<\/span><\/label><\/span><span class=\"wpcf7-list-item\"><label><input type=\"checkbox\" name=\"checkbox-71[]\" value=\"Stanowiska budowlane\" \/><span class=\"wpcf7-list-item-label\">Stanowiska budowlane<\/span><\/label><\/span><span class=\"wpcf7-list-item\"><label><input type=\"checkbox\" name=\"checkbox-71[]\" value=\"Instalator \/ Monter\" \/><span class=\"wpcf7-list-item-label\">Instalator \/ Monter<\/span><\/label><\/span><span class=\"wpcf7-list-item\"><label><input type=\"checkbox\" name=\"checkbox-71[]\" value=\"Magazynier\" \/><span class=\"wpcf7-list-item-label\">Magazynier<\/span><\/label><\/span><span class=\"wpcf7-list-item\"><label><input type=\"checkbox\" name=\"checkbox-71[]\" value=\"Operator maszyn \/ Kierowca\" \/><span class=\"wpcf7-list-item-label\">Operator maszyn \/ Kierowca<\/span><\/label><\/span><span class=\"wpcf7-list-item\"><label><input type=\"checkbox\" name=\"checkbox-71[]\" value=\"Obs\u0142uga klienta \/ Sprzeda\u017c\" \/><span class=\"wpcf7-list-item-label\">Obs\u0142uga klienta \/ Sprzeda\u017c<\/span><\/label><\/span><span class=\"wpcf7-list-item\"><label><input type=\"checkbox\" name=\"checkbox-71[]\" value=\"Us\u0142ugi (np. krawiectwo, fryzjerstwo, kosmetyka itp.)\" \/><span class=\"wpcf7-list-item-label\">Us\u0142ugi (np. krawiectwo, fryzjerstwo, kosmetyka itp.)<\/span><\/label><\/span><span class=\"wpcf7-list-item\"><label><input type=\"checkbox\" name=\"checkbox-71[]\" value=\"Specjalista \/ Praca biurowa\" \/><span class=\"wpcf7-list-item-label\">Specjalista \/ Praca biurowa<\/span><\/label><\/span><span class=\"wpcf7-list-item\"><label><input type=\"checkbox\" name=\"checkbox-71[]\" value=\"Stanowiska In\u017cynieryjno-techniczne\" \/><span class=\"wpcf7-list-item-label\">Stanowiska In\u017cynieryjno-techniczne<\/span><\/label><\/span><span class=\"wpcf7-list-item last\"><label><input type=\"checkbox\" name=\"checkbox-71[]\" value=\"Stanowiska Kierownicze\" \/><span class=\"wpcf7-list-item-label\">Stanowiska Kierownicze<\/span><\/label><\/span><\/span><\/span>\n<\/p>\n<p><B><label> Jaka jest twoja obecna sytuacja zawodowa? <\/label><\/b><br \/>\n<span class=\"wpcf7-form-control-wrap\" data-name=\"radio-716\"><span class=\"wpcf7-form-control wpcf7-radio\"><span class=\"wpcf7-list-item first\"><label><input type=\"radio\" name=\"radio-716\" value=\"Obecnie pracuj\u0119\" \/><span class=\"wpcf7-list-item-label\">Obecnie pracuj\u0119<\/span><\/label><\/span><span class=\"wpcf7-list-item last\"><label><input type=\"radio\" name=\"radio-716\" value=\"Obecnie nie pracuj\u0119\" \/><span class=\"wpcf7-list-item-label\">Obecnie nie pracuj\u0119<\/span><\/label><\/span><\/span><\/span>\n<\/p>\n<p><B><label> Za\u0142\u0105cz swoje CV <\/label><\/b><br \/>\n<i><label> (Maksymalny rozmiar pliku to 10mb, preferowany format to PDF) (Aby wybra\u0107 inny plik ponownie naci\u015bnij \"wybierz plik\")<\/label><\/i>\n<\/p>\n<p><span class=\"wpcf7-form-control-wrap\" data-name=\"file-177\"><input size=\"40\" class=\"wpcf7-form-control wpcf7-file\" accept=\"image\/*,.txt,application\/pdf,.docx,.doc,.odt\" aria-invalid=\"false\" type=\"file\" name=\"file-177\" \/><\/span>\n<\/p>\n<p><span class=\"wpcf7-form-control-wrap\" data-name=\"acceptance-547\"><span class=\"wpcf7-form-control wpcf7-acceptance\"><span class=\"wpcf7-list-item\"><label><input type=\"checkbox\" name=\"acceptance-547\" value=\"1\" aria-invalid=\"false\" \/><span class=\"wpcf7-list-item-label\">Znam i akceptuj\u0119 informacje o zasadach przetwarzania danych osobowych, jednocze\u015bnie wyra\u017cam zgod\u0119 na przetwarzanie moich danych w celu realizacji proces\u00f3w oceny kompetencji i rekrutacji.<\/span><\/label><\/span><\/span><\/span>\n<\/p>\n<p><input class=\"wpcf7-form-control wpcf7-submit has-spinner\" type=\"submit\" value=\"Wy\u015blij\" \/>\n<\/p><div class=\"wpcf7-response-output\" aria-hidden=\"true\"><\/div>\n<\/form>\n<\/div>\n\n\n\n\n<p>Przed przes\u0142aniem aplikacji przeczytaj <strong><a href=\"https:\/\/straszak.eu\/?page_id=347\" data-type=\"page\" data-id=\"347\" target=\"_blank\" rel=\"noreferrer noopener\">zasady przetwarzania danych osobowych<\/a><\/strong> serwisu <\/p>\n\n\n\n<p><\/p>\n","protected":false},"excerpt":{"rendered":"<p>Prze\u015blij nam swoje CV i do\u0142\u0105cz do grona os\u00f3b, kt\u00f3rym aktywnie pomagamy rozwija\u0107 swoj\u0105 \u015bcie\u017ck\u0119 zawodow\u0105! Zyskujesz profesjonalne wsparcie! Formularz aplikacyjny Przed przes\u0142aniem aplikacji przeczytaj zasady przetwarzania danych osobowych serwisu<\/p>\n","protected":false},"author":1,"featured_media":0,"parent":298,"menu_order":0,"comment_status":"closed","ping_status":"closed","template":"","meta":{"footnotes":""},"class_list":["post-378","page","type-page","status-publish"],"_links":{"self":[{"href":"https:\/\/straszak.eu\/index.php?rest_route=\/wp\/v2\/pages\/378","targetHints":{"allow":["GET"]}}],"collection":[{"href":"https:\/\/straszak.eu\/index.php?rest_route=\/wp\/v2\/pages"}],"about":[{"href":"https:\/\/straszak.eu\/index.php?rest_route=\/wp\/v2\/types\/page"}],"author":[{"embeddable":true,"href":"https:\/\/straszak.eu\/index.php?rest_route=\/wp\/v2\/users\/1"}],"replies":[{"embeddable":true,"href":"https:\/\/straszak.eu\/index.php?rest_route=%2Fwp%2Fv2%2Fcomments&post=378"}],"version-history":[{"count":7,"href":"https:\/\/straszak.eu\/index.php?rest_route=\/wp\/v2\/pages\/378\/revisions"}],"predecessor-version":[{"id":389,"href":"https:\/\/straszak.eu\/index.php?rest_route=\/wp\/v2\/pages\/378\/revisions\/389"}],"up":[{"embeddable":true,"href":"https:\/\/straszak.eu\/index.php?rest_route=\/wp\/v2\/pages\/298"}],"wp:attachment":[{"href":"https:\/\/straszak.eu\/index.php?rest_route=%2Fwp%2Fv2%2Fmedia&parent=378"}],"curies":[{"name":"wp","href":"https:\/\/api.w.org\/{rel}","templated":true}]}}