{"id":347,"date":"2025-02-26T09:19:06","date_gmt":"2025-02-26T09:19:06","guid":{"rendered":"https:\/\/straszak.eu\/?page_id=347"},"modified":"2025-02-26T14:29:08","modified_gmt":"2025-02-26T14:29:08","slug":"dane-osobowe","status":"publish","type":"page","link":"https:\/\/straszak.eu\/?page_id=347","title":{"rendered":"Przetwarzanie i ochrona danych osobowych."},"content":{"rendered":"\n<p>Witaj w stronie straszak.eu , jest to witryna agnecji doradztwa personalnego i rekrutacji Jacek Straszak Doradztwo Personalne. <br><br>Cieszymy si\u0119, \u017ce zechcia\u0142e\u015b skorzysta\u0107 z naszej pomocy w kszta\u0142towaniu swojej \u015bcie\u017cki zawodowej. Ta Informacja o przetwarzaniu i ochronie danych osobowych okre\u015bla, jakie dane osobowe zbieramy, przechowujemy, wykorzystujemy i przetwarzamy.<\/p>\n\n\n<div class=\"wp-block-image\">\n<figure class=\"aligncenter size-full is-resized\"><a href=\"https:\/\/straszak.eu\/straszak\/wp-content\/uploads\/2025\/02\/ochrona_danych.png\"><img loading=\"lazy\" decoding=\"async\" width=\"512\" height=\"512\" src=\"https:\/\/straszak.eu\/straszak\/wp-content\/uploads\/2025\/02\/ochrona_danych.png\" alt=\"\" class=\"wp-image-349\" style=\"width:269px;height:auto\" srcset=\"https:\/\/straszak.eu\/straszak\/wp-content\/uploads\/2025\/02\/ochrona_danych.png 512w, https:\/\/straszak.eu\/straszak\/wp-content\/uploads\/2025\/02\/ochrona_danych-300x300.png 300w, https:\/\/straszak.eu\/straszak\/wp-content\/uploads\/2025\/02\/ochrona_danych-150x150.png 150w\" sizes=\"auto, (max-width: 512px) 100vw, 512px\" \/><\/a><\/figure><\/div>\n\n\n<h2 class=\"wp-block-heading\"><strong>Dane administratora danych<\/strong><\/h2>\n\n\n\n<p>Administratorem Twoich danych jest firma Jacek Straszak Doradztwo Personalne, ul Legion\u00f3w Polskich 5, 32-700 Bochnia, tel: +48 792 754 107, mail: rekrutacja(at)straszak.eu<\/p>\n\n\n\n<h2 class=\"wp-block-heading\"><strong>Jaki jest cel przetwarzania danych osobowych?<\/strong><\/h2>\n\n\n\n<p><\/p>\n\n\n\n<p>Dane osobowe s\u0105 przetwarzane w celu realizacji us\u0142ug rekrutacji i doradztwa personalnego. Naszym celem jest zapewnienie kandydatom mo\u017cliwie najpe\u0142niej odpowiadaj\u0105cych im ofert pracy i ofert podnoszenia kompetencji zawodowych. Firmom dla kt\u00f3rych realizujemy us\u0142ugi rekrutacyjne, chcemy zapewnia\u0107 kandydat\u00f3w kt\u00f3rzy w najpe\u0142niejszym stopniu odpowiadaj\u0105 potrzebom stanowisk pracy. Nasz\u0105 rol\u0105 jest takie wyrkozystanie danych osobowych, kt\u00f3re zapewni zar\u00f3wno firmom jak i kandydatom sprawny przep\u0142yw informacji. <\/p>\n\n\n\n<h2 class=\"wp-block-heading\"><strong>Jakiego rodzaju dane osobowe s\u0105 zbierane i przetwarzane?<\/strong><\/h2>\n\n\n\n<p><strong>Dane zwi\u0105zane z to\u017csamo\u015bci\u0105 <\/strong>jak Twoje imi\u0119 i nazwisko, nazwa u\u017cytkownika, data urodzenia oraz w okre\u015blonych sytuacjach dokumenty potwierdzaj\u0105ce Twoj\u0105 to\u017csamo\u015b\u0107 i legalno\u015b\u0107 pobytu.<\/p>\n\n\n\n<p><strong>Dane kontaktowe<\/strong> oznacza Tw\u00f3j adres korespondencyjny, adres e-mail (kt\u00f3ry s\u0142u\u017cy r\u00f3wnie\u017c do identyfikacji Ciebie w naszym systemie) oraz numer telefonu.<\/p>\n\n\n\n<p><strong>Dane dotycz\u0105ce kwalifikacji zawodowych i do\u015bwiadczenia zawodowego <\/strong>jak Twoje CV, list motywacyjny, informacje na temat wykszta\u0142cenia, uko\u0144czonych szkole\u0144 i sta\u017cy, a tak\u017ce sta\u017cu pracy, dokumenty potwierdzaj\u0105ce Twoje prawo do pracy i wszelkie inne informacje, kt\u00f3re wymieni\u0142e\u015b w swoim CV, opinie o Tobie od naszego zespo\u0142u lub stron trzecich.<\/p>\n\n\n\n<p><strong>Dane z medi\u00f3w spo\u0142eczno\u015bciowych<\/strong> jak Tw\u00f3j profil w social mediach typu LinkedIn, GoldenLine lub inne informacje, kt\u00f3re udost\u0119pniasz publicznie lub w inny spos\u00f3b udost\u0119pniasz nam w mediach spo\u0142eczno\u015bciowych.<\/p>\n\n\n\n<p><strong>Informacje wra\u017cliwe<\/strong>. W niekt\u00f3rych przypadkach gromadzone przez nas dane osobowe b\u0119d\u0105 r\u00f3wnie\u017c obejmowa\u0107 informacje wra\u017cliwe. Mo\u017ce to obejmowa\u0107 szczeg\u00f3\u0142owe informacje na temat wszelkich niepe\u0142nosprawno\u015bci i wszelkich udogodnie\u0144, kt\u00f3rych mo\u017cemy potrzebowa\u0107 w miejscu pracy,&nbsp; dane dotycz\u0105ce karalno\u015bci, w ka\u017cdym przypadku, gdy jest to wymagane i dozwolone zgodnie z obowi\u0105zuj\u0105cym prawem. W zale\u017cno\u015bci od odpowiednich okoliczno\u015bci oraz obowi\u0105zuj\u0105cych przepis\u00f3w i wymog\u00f3w mo\u017cemy gromadzi\u0107 niekt\u00f3re z informacji wymienionych powy\u017cej, aby umo\u017cliwi\u0107 nam zaoferowanie Ci mo\u017cliwo\u015bci zatrudnienia dostosowanych do Twojej sytuacji i zainteresowa\u0144.<\/p>\n\n\n\n<h2 class=\"wp-block-heading\">Czy musisz nam przekaza\u0107 dane, o kt\u00f3re Ci\u0119 poprosimy?<\/h2>\n\n\n\n<p>Bior\u0105c udzia\u0142 w procesie rekrutacji i ubiegaj\u0105c si\u0119 o prac\u0119, musisz poda\u0107 nam swoje imi\u0119 i nazwisko, dat\u0119 urodzenia, jakiekolwiek dane kontaktowe do Ciebie oraz dane dotycz\u0105ce wykszta\u0142cenia, kwalifikacji i do\u015bwiadcze\u0144 zawodowych. <\/p>\n\n\n\n<p>W przypadku innych danych nie jeste\u015b zobowi\u0105zany do przekazywania nam swoich danych osobowych.<\/p>\n\n\n\n<p>Nie b\u0119dziemy mogli rekomendowa\u0107 Twojej kandydatury firmom dla kt\u00f3rych prowadzimy rekrutacj\u0119 ani \u015bwiadczy\u0107 Ci naszych us\u0142ug, je\u015bli nie podasz nam wymaganego minimum informacji niezb\u0119dnych do oceny Twoich kompetencji i poziomu dostosowania do wymog\u00f3w konkretnych stanowisk pracy. <\/p>\n\n\n\n<h2 class=\"wp-block-heading\">Czy przekazujemy Twoje dane stronom trzecim?<\/h2>\n\n\n\n<p>Twoje dane osobowe mog\u0105 by\u0107 udost\u0119pniane dwum grupom podmiot\u00f3w:<\/p>\n\n\n\n<p><strong>Naszym klientom \/ potencjalnym pracodawcom.<\/strong> B\u0119dziemy udost\u0119pnia\u0107 Twoje Dane osobowe naszym klientom, kt\u00f3rzy oferuj\u0105 prac\u0119 lub projekty mog\u0105ce Ci\u0119 zainteresowa\u0107 lub kt\u00f3rzy s\u0105 zainteresowani Twoim profilem. Klienci\/potencjalni pracodawcy s\u0105 zobowi\u0105zani przestrzega\u0107 zobowi\u0105za\u0144 umownych oraz innych zobowi\u0105za\u0144 dotycz\u0105cych zachowania poufno\u015bci w odniesieniu do Twoich danych wzgl\u0119dem Nas oraz Ciebie.<\/p>\n\n\n\n<p><strong>Organom pa\u0144stwowym lub organom \u015bcigania.<\/strong> Udost\u0119pnimy Twoje Dane osobowe administracji pa\u0144stwowej, policji, organom regulacyjnym lub organom \u015bcigania, je\u015bli wed\u0142ug naszego wy\u0142\u0105cznego uznania uznamy, \u017ce jeste\u015bmy do tego prawnie zobowi\u0105zani lub upowa\u017cnieni lub by\u0142oby to rozs\u0105dne.<\/p>\n\n\n\n<h2 class=\"wp-block-heading\">Jak d\u0142ugo przetwarzamy Twoje dane?<\/h2>\n\n\n\n<p>Dane osobowe s\u0105 przetwarzane przez okres nie d\u0142u\u017cszy ni\u017c 36 miesi\u0119cy, od datych ich przekazania. Wyj\u0105tek stanowi\u0105 informacje o imieniu i nazwisku, oraz adresie email, kt\u00f3re s\u0105 przetwarzane bez ograniczenia czasowego, ale jedynie w celu zidentyfikowania, czy dana osoby by\u0142y we wcze\u015bniejszym okresie przetwarzane (czy jej dane by\u0142y wcze\u015bniej w naszej bazie danych), oraz w jakich procesach rekrutacyjnych bra\u0142a udzia\u0142. <\/p>\n\n\n\n<h2 class=\"wp-block-heading\">Jak zabezpieczamy Twoje dane?<\/h2>\n\n\n\n<p>Administrator danych stosuje odpowiednie \u015brodki techniczne i organizacyjne zapewniaj\u0105ce ochron\u0119 danych osobowych miarodajnie do zagro\u017ce\u0144 oraz kategorii danych obj\u0119tych ochron\u0105. Przede wszystkim chroni dane przed ich udost\u0119pnieniem, zabraniem, przetwarzaniem, utrat\u0105, zmian\u0105 uszkodzeniem lub zniszczeniem przez osoby do tego nieuprawnione.<\/p>\n\n\n\n<h2 class=\"wp-block-heading\">Jakie s\u0105 Twoje prawa?<\/h2>\n\n\n\n<p>Ka\u017cda osoba, kt\u00f3ra powierza nam swoje dane do przetwarzania, ma prawo do:<br>&#8211; nadzorowania i kontroli przetwarzania danych osobowych;<br>&#8211; ustalenia kto jest administratorem danych, ustalenia jego adresu, siedziby, nazwy, w sytuacji gdy administratorem jest osoba fizyczna do ustalenia jej imienia i nazwiska oraz miejsca zamieszkania;<br>&#8211; uzyskania informacji o celu, zakresie, sposobie, czasie przetwarzania danych;<br>&#8211; \u017c\u0105dania uzupe\u0142nienia, uaktualnienia, sprostowania danych osobowych, czasowego zawieszenia lub ich usuni\u0119cia, je\u017celi s\u0105 one niekompletne, nieaktualne, nieprawdziwe lub zosta\u0142y zebrane z naruszeniem ustawy albo s\u0105 ju\u017c zb\u0119dne do realizacji celu, dla kt\u00f3rego zosta\u0142y zebrane.<br>&#8211; uzyskania wyczerpuj\u0105cej informacji o posiadanych danych i wgl\u0105du w tre\u015b\u0107 przetwarzanych danych osobowych, ich poprawiania, a tak\u017ce \u017c\u0105dania usuni\u0119cia tych danych;<br>&#8211; Administrator danych osobowych jest obowi\u0105zany, do uzupe\u0142nienia, uaktualnienia, sprostowania danych, czasowego lub sta\u0142ego wstrzymania przetwarzania lub ich usuni\u0119cia ze zbioru na bie\u017c\u0105co i od razu po zg\u0142oszeniu, chyba \u017ce \u017c\u0105danie dotyczy danych osobowych, co do kt\u00f3rych tryb ich uzupe\u0142nienia, uaktualnienia lub sprostowania okre\u015blaj\u0105 odr\u0119bne przepisy prawa w tym ustawy.<\/p>\n\n\n\n<h2 class=\"wp-block-heading\">Masz wi\u0119cej pyta\u0144? <\/h2>\n\n\n\n<p>Zapraszamy do kontaktu z nami! Napisz do nas na adres: <a href=\"mailto:rekrutacja@straszak.eu\" target=\"_blank\" rel=\"noreferrer noopener\">rekrutacja@straszak.eu<\/a><\/p>\n\n\n\n<p><br><\/p>\n\n\n\n<p><\/p>\n","protected":false},"excerpt":{"rendered":"<p>Witaj w stronie straszak.eu , jest to witryna agnecji doradztwa personalnego i rekrutacji Jacek Straszak Doradztwo Personalne. Cieszymy si\u0119, \u017ce zechcia\u0142e\u015b skorzysta\u0107 z naszej pomocy w kszta\u0142towaniu swojej \u015bcie\u017cki zawodowej. Ta Informacja o przetwarzaniu i ochronie danych osobowych okre\u015bla, jakie dane osobowe zbieramy, przechowujemy, wykorzystujemy i przetwarzamy. Dane administratora danych Administratorem Twoich danych jest firma &#8230; <a title=\"Przetwarzanie i ochrona danych osobowych.\" class=\"read-more\" href=\"https:\/\/straszak.eu\/?page_id=347\" aria-label=\"Read more about Przetwarzanie i ochrona danych osobowych.\">Dowiedz si\u0119 wi\u0119cej<\/a><\/p>\n","protected":false},"author":1,"featured_media":0,"parent":298,"menu_order":0,"comment_status":"closed","ping_status":"closed","template":"","meta":{"footnotes":""},"class_list":["post-347","page","type-page","status-publish"],"_links":{"self":[{"href":"https:\/\/straszak.eu\/index.php?rest_route=\/wp\/v2\/pages\/347","targetHints":{"allow":["GET"]}}],"collection":[{"href":"https:\/\/straszak.eu\/index.php?rest_route=\/wp\/v2\/pages"}],"about":[{"href":"https:\/\/straszak.eu\/index.php?rest_route=\/wp\/v2\/types\/page"}],"author":[{"embeddable":true,"href":"https:\/\/straszak.eu\/index.php?rest_route=\/wp\/v2\/users\/1"}],"replies":[{"embeddable":true,"href":"https:\/\/straszak.eu\/index.php?rest_route=%2Fwp%2Fv2%2Fcomments&post=347"}],"version-history":[{"count":5,"href":"https:\/\/straszak.eu\/index.php?rest_route=\/wp\/v2\/pages\/347\/revisions"}],"predecessor-version":[{"id":385,"href":"https:\/\/straszak.eu\/index.php?rest_route=\/wp\/v2\/pages\/347\/revisions\/385"}],"up":[{"embeddable":true,"href":"https:\/\/straszak.eu\/index.php?rest_route=\/wp\/v2\/pages\/298"}],"wp:attachment":[{"href":"https:\/\/straszak.eu\/index.php?rest_route=%2Fwp%2Fv2%2Fmedia&parent=347"}],"curies":[{"name":"wp","href":"https:\/\/api.w.org\/{rel}","templated":true}]}}