{"id":298,"date":"2025-02-26T07:56:28","date_gmt":"2025-02-26T07:56:28","guid":{"rendered":"http:\/\/straszak.eu\/?page_id=298"},"modified":"2025-02-28T13:10:02","modified_gmt":"2025-02-28T13:10:02","slug":"praca-bochnia","status":"publish","type":"page","link":"https:\/\/straszak.eu\/?page_id=298","title":{"rendered":"Us\u0142ugi dla Ciebie"},"content":{"rendered":"\n<p>Je\u017celi jeste\u015b zainteresowany zmian\u0105 pracy, lub potrzebujesz wsparcia i pomocy w znalezieniu lub rozwoju swojej \u015bcie\u017cki zawodowej &#8211; zostaw nam wiadomo\u015b\u0107 korzystaj\u0105c z poni\u017cszych formularzy. <\/p>\n\n\n\n<p>W profesjonalny i przyst\u0119pny spos\u00f3b pomo\u017cemy Ci wyr\u00f3\u017cni\u0107 si\u0119 na rynku pracy, znale\u017a\u0107 Twoje silne stronu i prac\u0119, w kt\u00f3rej b\u0119d\u0105 one doceniane.<\/p>\n\n\n\n<hr class=\"wp-block-separator has-alpha-channel-opacity\"\/>\n\n\n\n<div class=\"wp-block-columns is-layout-flex wp-container-core-columns-is-layout-1 wp-block-columns-is-layout-flex\">\n<div class=\"wp-block-column is-layout-flow wp-block-column-is-layout-flow\">\n<h2 class=\"wp-block-heading has-text-align-center has-large-font-size\">Lepsza praca <\/h2>\n\n\n\n<h2 class=\"wp-block-heading has-text-align-center has-medium-font-size\"><strong>&#8211; szukam nowej, lepszej pracy<\/strong><\/h2>\n<\/div>\n\n\n\n<div class=\"wp-block-column is-layout-flow wp-block-column-is-layout-flow\"><div class=\"wp-block-image\">\n<figure class=\"aligncenter size-large is-resized\"><a href=\"https:\/\/straszak.eu\/straszak\/wp-content\/uploads\/2025\/02\/pracownicy_www_long.jpg\"><img loading=\"lazy\" decoding=\"async\" width=\"1024\" height=\"503\" src=\"https:\/\/straszak.eu\/straszak\/wp-content\/uploads\/2025\/02\/pracownicy_www_long-1024x503.jpg\" alt=\"\" class=\"wp-image-356\" style=\"width:370px\" srcset=\"https:\/\/straszak.eu\/straszak\/wp-content\/uploads\/2025\/02\/pracownicy_www_long-1024x503.jpg 1024w, https:\/\/straszak.eu\/straszak\/wp-content\/uploads\/2025\/02\/pracownicy_www_long-300x147.jpg 300w, https:\/\/straszak.eu\/straszak\/wp-content\/uploads\/2025\/02\/pracownicy_www_long-768x377.jpg 768w, https:\/\/straszak.eu\/straszak\/wp-content\/uploads\/2025\/02\/pracownicy_www_long-1536x755.jpg 1536w, https:\/\/straszak.eu\/straszak\/wp-content\/uploads\/2025\/02\/pracownicy_www_long.jpg 2048w\" sizes=\"auto, (max-width: 1024px) 100vw, 1024px\" \/><\/a><\/figure><\/div><\/div>\n<\/div>\n\n\n\n<p><\/p>\n\n\n\n<div class=\"wp-block-buttons is-content-justification-center is-layout-flex wp-container-core-buttons-is-layout-1 wp-block-buttons-is-layout-flex\">\n<div class=\"wp-block-button is-style-outline is-style-outline--1\"><a class=\"wp-block-button__link wp-element-button\" href=\"https:\/\/straszak.eu\/?page_id=378\" target=\"_blank\" rel=\"noreferrer noopener\">Prze\u015blij CV<\/a><\/div>\n<\/div>\n\n\n\n<p><br><\/p>\n\n\n\n<hr class=\"wp-block-separator has-alpha-channel-opacity\"\/>\n\n\n\n<div class=\"wp-block-columns is-layout-flex wp-container-core-columns-is-layout-2 wp-block-columns-is-layout-flex\">\n<div class=\"wp-block-column is-layout-flow wp-block-column-is-layout-flow\">\n<h2 class=\"wp-block-heading has-text-align-center has-large-font-size\">Doradztwo personalne<\/h2>\n\n\n\n<h2 class=\"wp-block-heading has-text-align-center has-medium-font-size\"><strong>&#8211; jestem zaintereoswany konsultacj\u0105, chc\u0119 rozwija\u0107 swoj\u0105 karier\u0119. <\/strong><\/h2>\n<\/div>\n\n\n\n<div class=\"wp-block-column is-layout-flow wp-block-column-is-layout-flow\"><div class=\"wp-block-image\">\n<figure class=\"aligncenter size-full is-resized\"><a href=\"https:\/\/straszak.eu\/straszak\/wp-content\/uploads\/2025\/02\/obrazWWWlong.jpg\"><img loading=\"lazy\" decoding=\"async\" width=\"1012\" height=\"522\" src=\"https:\/\/straszak.eu\/straszak\/wp-content\/uploads\/2025\/02\/obrazWWWlong.jpg\" alt=\"\" class=\"wp-image-341\" style=\"width:370px\" srcset=\"https:\/\/straszak.eu\/straszak\/wp-content\/uploads\/2025\/02\/obrazWWWlong.jpg 1012w, https:\/\/straszak.eu\/straszak\/wp-content\/uploads\/2025\/02\/obrazWWWlong-300x155.jpg 300w, https:\/\/straszak.eu\/straszak\/wp-content\/uploads\/2025\/02\/obrazWWWlong-768x396.jpg 768w\" sizes=\"auto, (max-width: 1012px) 100vw, 1012px\" \/><\/a><\/figure><\/div><\/div>\n<\/div>\n\n\n\n<p><\/p>\n\n\n\n<div class=\"wp-block-buttons is-content-justification-center is-layout-flex wp-container-core-buttons-is-layout-2 wp-block-buttons-is-layout-flex\">\n<div class=\"wp-block-button is-style-outline is-style-outline--2\"><a class=\"wp-block-button__link wp-element-button\" href=\"https:\/\/straszak.eu\/?page_id=402\" target=\"_blank\" rel=\"noreferrer noopener\">Zapytaj o termin konsultacji<\/a><\/div>\n<\/div>\n\n\n\n<p><\/p>\n\n\n\n<p><\/p>\n\n\n\n<hr class=\"wp-block-separator has-alpha-channel-opacity\"\/>\n\n\n\n<p><\/p>\n","protected":false},"excerpt":{"rendered":"<p>Je\u017celi jeste\u015b zainteresowany zmian\u0105 pracy, lub potrzebujesz wsparcia i pomocy w znalezieniu lub rozwoju swojej \u015bcie\u017cki zawodowej &#8211; zostaw nam wiadomo\u015b\u0107 korzystaj\u0105c z poni\u017cszych formularzy. W profesjonalny i przyst\u0119pny spos\u00f3b pomo\u017cemy Ci wyr\u00f3\u017cni\u0107 si\u0119 na rynku pracy, znale\u017a\u0107 Twoje silne stronu i prac\u0119, w kt\u00f3rej b\u0119d\u0105 one doceniane. Lepsza praca &#8211; szukam nowej, lepszej pracy &#8230; <a title=\"Us\u0142ugi dla Ciebie\" class=\"read-more\" href=\"https:\/\/straszak.eu\/?page_id=298\" aria-label=\"Read more about Us\u0142ugi dla Ciebie\">Dowiedz si\u0119 wi\u0119cej<\/a><\/p>\n","protected":false},"author":1,"featured_media":0,"parent":0,"menu_order":0,"comment_status":"closed","ping_status":"closed","template":"","meta":{"footnotes":""},"class_list":["post-298","page","type-page","status-publish"],"_links":{"self":[{"href":"https:\/\/straszak.eu\/index.php?rest_route=\/wp\/v2\/pages\/298","targetHints":{"allow":["GET"]}}],"collection":[{"href":"https:\/\/straszak.eu\/index.php?rest_route=\/wp\/v2\/pages"}],"about":[{"href":"https:\/\/straszak.eu\/index.php?rest_route=\/wp\/v2\/types\/page"}],"author":[{"embeddable":true,"href":"https:\/\/straszak.eu\/index.php?rest_route=\/wp\/v2\/users\/1"}],"replies":[{"embeddable":true,"href":"https:\/\/straszak.eu\/index.php?rest_route=%2Fwp%2Fv2%2Fcomments&post=298"}],"version-history":[{"count":25,"href":"https:\/\/straszak.eu\/index.php?rest_route=\/wp\/v2\/pages\/298\/revisions"}],"predecessor-version":[{"id":411,"href":"https:\/\/straszak.eu\/index.php?rest_route=\/wp\/v2\/pages\/298\/revisions\/411"}],"wp:attachment":[{"href":"https:\/\/straszak.eu\/index.php?rest_route=%2Fwp%2Fv2%2Fmedia&parent=298"}],"curies":[{"name":"wp","href":"https:\/\/api.w.org\/{rel}","templated":true}]}}